{"id":59,"date":"2021-01-19T20:28:37","date_gmt":"2021-01-19T20:28:37","guid":{"rendered":"https:\/\/serverbordoni.com\/nuria\/?page_id=59"},"modified":"2025-05-03T14:54:31","modified_gmt":"2025-05-03T14:54:31","slug":"chi-sono","status":"publish","type":"page","link":"https:\/\/serverbordoni.com\/nuria\/chi-sono\/","title":{"rendered":"Chi Sono"},"content":{"rendered":"<p>[et_pb_section fb_built=&#8221;1&#8243; _builder_version=&#8221;4.16&#8243; _module_preset=&#8221;default&#8221; custom_padding=&#8221;0px||0px||true|false&#8221; global_colors_info=&#8221;{}&#8221;][et_pb_row _builder_version=&#8221;4.16&#8243; _module_preset=&#8221;default&#8221; width=&#8221;100%&#8221; max_width=&#8221;100%&#8221; custom_padding=&#8221;0px||0px||true|false&#8221; global_colors_info=&#8221;{}&#8221;][et_pb_column type=&#8221;4_4&#8243; _builder_version=&#8221;4.16&#8243; _module_preset=&#8221;default&#8221; global_colors_info=&#8221;{}&#8221;][et_pb_gallery gallery_ids=&#8221;2036,420,516&#8243; fullwidth=&#8221;on&#8221; _builder_version=&#8221;4.27.4&#8243; _module_preset=&#8221;default&#8221; auto=&#8221;on&#8221; auto_speed=&#8221;3500&#8243; hover_enabled=&#8221;0&#8243; global_colors_info=&#8221;{}&#8221; sticky_enabled=&#8221;0&#8243;][\/et_pb_gallery][\/et_pb_column][\/et_pb_row][\/et_pb_section][et_pb_section fb_built=&#8221;1&#8243; _builder_version=&#8221;4.16&#8243; _module_preset=&#8221;default&#8221; background_color=&#8221;#FDF8E1&#8243; custom_padding=&#8221;50px||50px||true|false&#8221; global_colors_info=&#8221;{}&#8221;][et_pb_row column_structure=&#8221;1_2,1_2&#8243; use_custom_gutter=&#8221;on&#8221; gutter_width=&#8221;1&#8243; make_equal=&#8221;on&#8221; _builder_version=&#8221;4.16&#8243; _module_preset=&#8221;default&#8221; background_color=&#8221;#FDF8E1&#8243; max_width=&#8221;70%&#8221; custom_padding=&#8221;0px||0px||false|false&#8221; global_colors_info=&#8221;{}&#8221;][et_pb_column type=&#8221;1_2&#8243; _builder_version=&#8221;4.16&#8243; _module_preset=&#8221;default&#8221; custom_padding=&#8221;|15px|||false|false&#8221; border_width_right=&#8221;1px&#8221; global_colors_info=&#8221;{}&#8221;][et_pb_text _builder_version=&#8221;4.16&#8243; _module_preset=&#8221;default&#8221; text_font=&#8221;|300|||||||&#8221; text_font_size=&#8221;16px&#8221; text_orientation=&#8221;justified&#8221; custom_padding=&#8221;25px|25px|25px||false|false&#8221; global_colors_info=&#8221;{}&#8221;]<\/p>\n<p>Danzatrice, coreografa e scrittrice; Nuria nasce a Barcellona, Spagna. Studia a Losanna, Svizzera le tecniche di danza moderna Graham e Limon. Continua la sua formazione nella danza classica e contemporanea in Francia, a Lione e Parigi. Lavora con la Compagnia di Danza \u201cCecil P. Booth\u201d, diretta da Chantal De Launay.<br \/>\nNel 1988 incontra la danzatrice indiana Savitry Nair con la quale inizia gli studi di Bharatanatyam. Si specializza in questo stile a Chennai, India sotto la guida di Krishnaveni Lakshmanan, Diretttrice Artistica della Accademia di Danza \u201cKalakshetra\u201d. Parallelamente studia musica Carnatica e Nattuvanar (solfeggio ritmico) con la celebre musicista Kamala Rani. Si \u00e8 continuata a formare con eccellenti maestri di bharatanatyam come, C.K. Balagopalan, Savitri Jagannatha Rao, C.V. Chandrasekhar e Leela Samson, suo principale mentore ad oggi. [\/et_pb_text][\/et_pb_column][et_pb_column type=&#8221;1_2&#8243; _builder_version=&#8221;4.16&#8243; _module_preset=&#8221;default&#8221; custom_padding=&#8221;|||15px|false|false&#8221; global_colors_info=&#8221;{}&#8221;][et_pb_text _builder_version=&#8221;4.16&#8243; _module_preset=&#8221;default&#8221; text_font=&#8221;|300|||||||&#8221; text_font_size=&#8221;16px&#8221; text_orientation=&#8221;justified&#8221; custom_padding=&#8221;25px||25px|25px|true|false&#8221; global_colors_info=&#8221;{}&#8221;]<\/p>\n<p>Parallelamente, l\u2019approfondimento della danza contemporanea con i maestri Dominique e Fran\u00e7oise Dupuy dona nuovi strumenti al suo lavoro creativo sull\u2019integrazione dei diversi linguaggi della danza.<br \/>\nNuria Sala \u00e8 Diplomata in Psicoterapia Umanista presso l\u2019Istituto di Pscicoterapia Umanista di Barcellona, Diplomata nel Metodo Feldenkrais a Milano nel Centro Feldenkrais a.s.c.d, formata come \u201cDanzaeducatore\u201d al I\u00b0 Corso Nazionale, organizzato da Mousik\u00e9, D.A.M.S. (Universit\u00e0 degli Studi di Bologna), e dal Ministero per i Beni e le Attivit\u00e0 Culturali. Ha insegnato danza per pi\u00f9 di ventticinque a studenti di tutte le et\u00e0 e provenienze. Dal 2007 \u00e8 Docente di Teatro-Danza Indiano Bharatanatyam al Conservatorio di Musica \u201cA. Pedrollo\u201d di Vicenza. [\/et_pb_text][\/et_pb_column][\/et_pb_row][\/et_pb_section][et_pb_section fb_built=&#8221;1&#8243; _builder_version=&#8221;4.16&#8243; _module_preset=&#8221;default&#8221; background_color=&#8221;#F4AE52&#8243; custom_margin=&#8221;||||false|false&#8221; custom_padding=&#8221;0px||0px||false|false&#8221; global_colors_info=&#8221;{}&#8221;][et_pb_row _builder_version=&#8221;4.16&#8243; _module_preset=&#8221;default&#8221; width=&#8221;100%&#8221; max_width=&#8221;90%&#8221; module_alignment=&#8221;center&#8221; custom_padding=&#8221;25px||0px||false|false&#8221; global_colors_info=&#8221;{}&#8221;][et_pb_column type=&#8221;4_4&#8243; _builder_version=&#8221;4.16&#8243; _module_preset=&#8221;default&#8221; global_colors_info=&#8221;{}&#8221;][et_pb_text _builder_version=&#8221;4.16&#8243; _module_preset=&#8221;default&#8221; text_font=&#8221;||on||||||&#8221; text_font_size=&#8221;18px&#8221; header_text_color=&#8221;#666666&#8243; header_font_size=&#8221;50px&#8221; custom_padding=&#8221;10px||||false|false&#8221; global_colors_info=&#8221;{}&#8221;]<\/p>\n<h1 style=\"text-align: center;\">\u201cALCUNI DEI MIEI MAESTRI&#8221;<\/h1>\n<p>[\/et_pb_text][\/et_pb_column][\/et_pb_row][\/et_pb_section][et_pb_section fb_built=&#8221;1&#8243; module_class=&#8221;ds-carousel-row&#8221; _builder_version=&#8221;4.16&#8243; _module_preset=&#8221;default&#8221; background_color=&#8221;#f4ae52&#8243; custom_margin=&#8221;0px||0px||true|false&#8221; custom_padding=&#8221;0px||0px||true|false&#8221; global_colors_info=&#8221;{}&#8221;][et_pb_row _builder_version=&#8221;4.16&#8243; _module_preset=&#8221;default&#8221; width=&#8221;100%&#8221; max_width=&#8221;100%&#8221; custom_margin=&#8221;0px||||false|false&#8221; custom_padding=&#8221;0px||0px||false|false&#8221; global_colors_info=&#8221;{}&#8221;][et_pb_column type=&#8221;4_4&#8243; _builder_version=&#8221;4.16&#8243; _module_preset=&#8221;default&#8221; global_colors_info=&#8221;{}&#8221;][et_pb_image src=&#8221;https:\/\/serverbordoni.com\/nuria\/wp-content\/uploads\/2021\/03\/LEELA.png&#8221; title_text=&#8221;LEELA&#8221; show_in_lightbox=&#8221;on&#8221; module_class=&#8221;ds-carousel-module&#8221; _builder_version=&#8221;4.16&#8243; _module_preset=&#8221;default&#8221; global_colors_info=&#8221;{}&#8221;][\/et_pb_image][et_pb_image src=&#8221;https:\/\/serverbordoni.com\/nuria\/wp-content\/uploads\/2021\/04\/Krishnaveni-Lakshmanan_ok_2.png&#8221; title_text=&#8221;Krishnaveni Lakshmanan_ok_2&#8243; show_in_lightbox=&#8221;on&#8221; module_class=&#8221;ds-carousel-module&#8221; _builder_version=&#8221;4.16&#8243; _module_preset=&#8221;default&#8221; global_colors_info=&#8221;{}&#8221;][\/et_pb_image][et_pb_image src=&#8221;https:\/\/serverbordoni.com\/nuria\/wp-content\/uploads\/2021\/03\/Dominique-Dupuy1.png&#8221; title_text=&#8221;Dominique Dupuy1&#8243; show_in_lightbox=&#8221;on&#8221; module_class=&#8221;ds-carousel-module&#8221; _builder_version=&#8221;4.16&#8243; _module_preset=&#8221;default&#8221; global_colors_info=&#8221;{}&#8221;][\/et_pb_image][et_pb_image src=&#8221;https:\/\/serverbordoni.com\/nuria\/wp-content\/uploads\/2021\/04\/Kamala-Rani_ok.png&#8221; title_text=&#8221;Kamala Rani_ok&#8221; show_in_lightbox=&#8221;on&#8221; module_class=&#8221;ds-carousel-module&#8221; _builder_version=&#8221;4.16&#8243; _module_preset=&#8221;default&#8221; global_colors_info=&#8221;{}&#8221;][\/et_pb_image][et_pb_image src=&#8221;https:\/\/serverbordoni.com\/nuria\/wp-content\/uploads\/2021\/04\/C.K.-Balagopalan.png&#8221; title_text=&#8221;C.K. Balagopalan&#8221; show_in_lightbox=&#8221;on&#8221; module_class=&#8221;ds-carousel-module&#8221; _builder_version=&#8221;4.16&#8243; _module_preset=&#8221;default&#8221; global_colors_info=&#8221;{}&#8221;][\/et_pb_image][et_pb_image src=&#8221;https:\/\/serverbordoni.com\/nuria\/wp-content\/uploads\/2021\/04\/C.V.-Chandrasekhar_ok.png&#8221; title_text=&#8221;C.V. Chandrasekhar_ok&#8221; show_in_lightbox=&#8221;on&#8221; module_class=&#8221;ds-carousel-module&#8221; _builder_version=&#8221;4.16&#8243; _module_preset=&#8221;default&#8221; global_colors_info=&#8221;{}&#8221;][\/et_pb_image][et_pb_image src=&#8221;https:\/\/serverbordoni.com\/nuria\/wp-content\/uploads\/2021\/04\/Savitry-Nair-Ram-Gopal.png&#8221; title_text=&#8221;Savitry Nair &#038; Ram Gopal&#8221; show_in_lightbox=&#8221;on&#8221; module_class=&#8221;ds-carousel-module&#8221; _builder_version=&#8221;4.16&#8243; _module_preset=&#8221;default&#8221; global_colors_info=&#8221;{}&#8221;][\/et_pb_image][et_pb_image src=&#8221;https:\/\/serverbordoni.com\/nuria\/wp-content\/uploads\/2021\/04\/Krishnaveni-Lakshmanan_ok.png&#8221; title_text=&#8221;Krishnaveni Lakshmanan_ok&#8221; show_in_lightbox=&#8221;on&#8221; module_class=&#8221;ds-carousel-module&#8221; _builder_version=&#8221;4.16&#8243; _module_preset=&#8221;default&#8221; global_colors_info=&#8221;{}&#8221;][\/et_pb_image][\/et_pb_column][\/et_pb_row][\/et_pb_section][et_pb_section fb_built=&#8221;1&#8243; _builder_version=&#8221;4.16&#8243; _module_preset=&#8221;default&#8221; background_color=&#8221;#f4ae52&#8243; custom_padding=&#8221;0px||0px||true|false&#8221; global_colors_info=&#8221;{}&#8221;][et_pb_row column_structure=&#8221;1_2,1_2&#8243; module_id=&#8221;ds-arrow-row&#8221; _builder_version=&#8221;4.16&#8243; _module_preset=&#8221;default&#8221; custom_padding=&#8221;0px||10px||false|false&#8221; global_colors_info=&#8221;{}&#8221;][et_pb_column type=&#8221;1_2&#8243; _builder_version=&#8221;4.16&#8243; _module_preset=&#8221;default&#8221; global_colors_info=&#8221;{}&#8221;][et_pb_text _builder_version=&#8221;4.16&#8243; _module_preset=&#8221;default&#8221; text_font=&#8221;Elegant||||||||&#8221; global_colors_info=&#8221;{}&#8221;]<input id=\"ds-arrow-left\" type=\"button\" value=\"8\">[\/et_pb_text][\/et_pb_column][et_pb_column type=&#8221;1_2&#8243; _builder_version=&#8221;4.16&#8243; _module_preset=&#8221;default&#8221; global_colors_info=&#8221;{}&#8221;][et_pb_text _builder_version=&#8221;4.16&#8243; _module_preset=&#8221;default&#8221; text_font=&#8221;Elegant||||||||&#8221; global_colors_info=&#8221;{}&#8221;]<input id=\"ds-arrow-right\" type=\"button\" value=\"9\">[\/et_pb_text][\/et_pb_column][\/et_pb_row][\/et_pb_section][et_pb_section fb_built=&#8221;1&#8243; _builder_version=&#8221;4.16&#8243; _module_preset=&#8221;default&#8221; background_color=&#8221;#FDF8E1&#8243; custom_padding=&#8221;0px||||false|false&#8221; global_colors_info=&#8221;{}&#8221;][et_pb_row column_structure=&#8221;1_2,1_2&#8243; use_custom_gutter=&#8221;on&#8221; gutter_width=&#8221;1&#8243; make_equal=&#8221;on&#8221; _builder_version=&#8221;4.16&#8243; _module_preset=&#8221;default&#8221; background_color=&#8221;#FDF8E1&#8243; width=&#8221;100%&#8221; max_width=&#8221;90%&#8221; module_alignment=&#8221;center&#8221; global_colors_info=&#8221;{}&#8221;][et_pb_column type=&#8221;1_2&#8243; _builder_version=&#8221;4.16&#8243; _module_preset=&#8221;default&#8221; custom_padding=&#8221;|15px|||false|false&#8221; border_width_right=&#8221;1px&#8221; global_colors_info=&#8221;{}&#8221;][et_pb_text _builder_version=&#8221;4.27.4&#8243; _module_preset=&#8221;default&#8221; text_font=&#8221;|300|||||||&#8221; text_font_size=&#8221;16px&#8221; text_orientation=&#8221;justified&#8221; custom_padding=&#8221;25px|25px|25px||false|false&#8221; global_colors_info=&#8221;{}&#8221;]<strong>Teatri e Festival<\/strong>: Teatro dal Verme, Milano, P.A.C. (Contemporary Art Pavilion), Milan, Teatro Nuovo, Verona, Teatro Rossini, Pesaro, Teatro Metropolitano, Catania, SUQ Festival delle Culture, Genova, Festival della Scienza,\u00a0 Kalamandir Theatre and Padatik Theatre, Kolkata (India)\u00a0,Kalachaya Hall, Poone (India), Shiva Temple \u201cMarundishwera\u201d, Chennai (India), International Festival of Music, Dartington (UK), Festival International de Sousse, Sidi Eddaher Theatre, Sousse (Tunisia), Houdetsi Festival, Crete (Greece), Casa Asia, Barcellona (Spain), Teather Egyetemi Sz\u00ecnpad, Budapest ( Hungary), Theater Alm\u00e0ssy T\u00e9ri Budapest (Hungary), Theater Szabadid\u00f2kozpontban at University of Budapest, Festival &#8220;Canti dei Cieli Lontani&#8221;, Venezia (Italy), Festival di &#8220;Musica Antica&#8221;, Lago D&#8217; Orta, (Italy), \u201cEtno Festival\u201d a San Marino,, Festival Internazionale di Musica Sacra a Pordenone,, Festival \u201cAdda Danza\u201d, Festival Internazionale &#8220;E&#8217; Vento Suono\u201d,, Teatro S. Giorgio, Udine, Festival &#8220;Il Sacro attraverso l&#8217;Ordinario&#8221; Al Chiostro S. Filippo, Torino, Teatro S. Fedele, Milano, Festival \u201cArreu i per Tothom\u201d, Cadaques (Spagna), Festival \u201cLa Poussi\u00e9re du Monde\u201d a Ginevra (Svizzera), Festival \u201cTagealtermusik\u201d a Regensburg (Germania), Festival di Musica Antica Lanvellec in Bretagna ( Francia)\u2026<br \/>\n\u2026 E molti altri festival e teatri in Europa e all&#8217;estero.[\/et_pb_text][\/et_pb_column][et_pb_column type=&#8221;1_2&#8243; _builder_version=&#8221;4.16&#8243; _module_preset=&#8221;default&#8221; custom_padding=&#8221;|||15px|false|false&#8221; global_colors_info=&#8221;{}&#8221;][et_pb_text _builder_version=&#8221;4.27.4&#8243; _module_preset=&#8221;default&#8221; text_font=&#8221;|300|||||||&#8221; text_font_size=&#8221;16px&#8221; text_orientation=&#8221;justified&#8221; custom_padding=&#8221;25px||25px|25px|true|false&#8221; global_colors_info=&#8221;{}&#8221;]<\/p>\n<p><strong>Insegnamento<\/strong>: presso Scuole, Universit\u00e0, Associazioni ed Enti Culturali: Conservatorio di Musica \u201cA.Pedrollo\u201d di Vicenza, C.E.M.B. (centro educazione musica e arti), I.R.S.A.E. corsi e aggiornamenti per gli Insegnanti, Universit\u00e0 degli Studi di Milano, Istituto Lingue, Istituto Yoga Surya Chandra Marga di Piacenza diretto da Gabriella Cella, Centro Culturale Italia-India di Catania, Istituto Yoga \u201cAnantamatra\u201d di Milano, Scuola di danza, Danzarte (Brescia)\u2026<br \/>Laboratorio d&#8217;Arte (Bologna), LES, con il patrocinio del Comune di Milano, Mediterranea Danza e Arti a Milano, Scuola Elementare Olmi (laboratorio di danza con i bambini), Scuola Elementare Galvani (laboratorio di danza con i bambini), Scuola di danza \u201cTery al Kubra\u201d in Sicilia, Scuola di Danza \u201cTerreno Di Danza\u201d di Milano, Scuola \u201cOltre la Danza\u201d a Milano\u2026<\/p>\n<p>[\/et_pb_text][\/et_pb_column][\/et_pb_row][et_pb_row column_structure=&#8221;1_2,1_2&#8243; use_custom_gutter=&#8221;on&#8221; gutter_width=&#8221;1&#8243; make_equal=&#8221;on&#8221; _builder_version=&#8221;4.16&#8243; _module_preset=&#8221;default&#8221; background_color=&#8221;#FDF8E1&#8243; width=&#8221;100%&#8221; max_width=&#8221;90%&#8221; module_alignment=&#8221;center&#8221; global_colors_info=&#8221;{}&#8221;][et_pb_column type=&#8221;1_2&#8243; _builder_version=&#8221;4.16&#8243; _module_preset=&#8221;default&#8221; custom_padding=&#8221;|15px|||false|false&#8221; border_width_right=&#8221;1px&#8221; global_colors_info=&#8221;{}&#8221;][et_pb_text _builder_version=&#8221;4.16&#8243; _module_preset=&#8221;default&#8221; text_font=&#8221;|300|||||||&#8221; text_font_size=&#8221;16px&#8221; text_orientation=&#8221;justified&#8221; custom_padding=&#8221;25px|25px|25px||false|false&#8221; global_colors_info=&#8221;{}&#8221;]<\/p>\n<p><strong>Pubblicazioni Edite<\/strong>: nel 2017 \u00e8 stato pubblicato \u201cSulla Danza\u201d con gli autori Ermini, Gasparotti, Nancy, Sala Grau e Zanardi con Edizioni Cronopio S.r.l nella collana Tessere. Nel 2013 \u00e8 stato pubblicato con MC Editrice \u201cContinuamente Danza. L\u2019infinito in Corpo\u201d libro illustrato sulla danza, di Nuria Sala e Michela Bianchi. Nel 2011 \u00e8 stato pubblicato \u201cDanzare Oltre\u201d di Dominique Dupuy, Ephemeria edizione nel libro \u00e8 pubblicato il suo saggio: \u201cIl Rituale del Danzatore\u201d, Trasformazione e Manifestazione. Nel 2011 \u00e8 stato pubblicato \u201cLa Mano che Cura\u201d di Patrizia Sanvitale, Marsilio Editori s.p.a. in Venezia, nel libro \u00e8 pubblicato un suo articolo: Le Mani nel Teatro-Danza Classico dell\u2019India \u201cBharatanatyam\u201d<\/p>\n<p>[\/et_pb_text][\/et_pb_column][et_pb_column type=&#8221;1_2&#8243; _builder_version=&#8221;4.16&#8243; _module_preset=&#8221;default&#8221; custom_padding=&#8221;|||15px|false|false&#8221; global_colors_info=&#8221;{}&#8221;][et_pb_text _builder_version=&#8221;4.16&#8243; _module_preset=&#8221;default&#8221; text_font=&#8221;|300|||||||&#8221; text_font_size=&#8221;16px&#8221; text_orientation=&#8221;justified&#8221; custom_padding=&#8221;25px||25px|25px|true|false&#8221; global_colors_info=&#8221;{}&#8221;]<\/p>\n<p><strong>Collaborazioni<\/strong>: Sandip Mallick, Amelia Cuni, Federico Sanesi, Madhuri Chattopadhyay, Brigitte Revelli, Chantal de Launay, Ghislaine de Montaudouin, Giuliana di Benardo, Maresa Moglia, Stephen James, Gianni Ricchizzi, Savitry Jaganat Rao,\u00a0Flavia Bucciero,\u00a0Ujwal Mukund Bole, Cristina Negro, Filippo Monico, Fausta Squatriti, Neela Bhagwat, Augusto Modigliani, Mirella Costa, Paolino Dalla Porta, Marilia Albanese, Melina Mulas, Astad Deboo, Barbara Friedrich, Luca Scarzela, Carla Sanguineti,Vicenzo Zitello, Francesca Cassio, Germana Giannini, La Fonte Musica, Patrizia Mattioli, Anjali Purohit, Yogeswaran Manickam, Kannan Packiyarah, Michele Pasotti, \u2026<\/p>\n<p>[\/et_pb_text][\/et_pb_column][\/et_pb_row][\/et_pb_section][et_pb_section fb_built=&#8221;1&#8243; _builder_version=&#8221;4.16&#8243; _module_preset=&#8221;default&#8221; background_color=&#8221;#842E30&#8243; background_image=&#8221;https:\/\/serverbordoni.com\/nuria\/wp-content\/uploads\/2021\/01\/OHGCW91.jpg&#8221; custom_margin=&#8221;0px||||false|false&#8221; custom_padding=&#8221;0px||0px||true|false&#8221; global_colors_info=&#8221;{}&#8221;][et_pb_row column_structure=&#8221;1_3,1_3,1_3&#8243; use_custom_gutter=&#8221;on&#8221; gutter_width=&#8221;2&#8243; _builder_version=&#8221;4.16&#8243; _module_preset=&#8221;default&#8221; background_enable_color=&#8221;off&#8221; width=&#8221;100%&#8221; max_width=&#8221;90%&#8221; module_alignment=&#8221;center&#8221; custom_padding=&#8221;5px|25px|5px|25px|true|true&#8221; global_colors_info=&#8221;{}&#8221;][et_pb_column type=&#8221;1_3&#8243; _builder_version=&#8221;4.16&#8243; _module_preset=&#8221;default&#8221; background_image=&#8221;https:\/\/serverbordoni.com\/nuria\/wp-content\/uploads\/2021\/01\/OHGCW91.png&#8221; background_size=&#8221;contain&#8221; global_colors_info=&#8221;{}&#8221;][et_pb_button button_url=&#8221;https:\/\/serverbordoni.com\/nuria\/creazioni\/&#8221; url_new_window=&#8221;on&#8221; button_text=&#8221;CREAZIONI&#8221; button_alignment=&#8221;center&#8221; _builder_version=&#8221;4.16&#8243; _module_preset=&#8221;default&#8221; custom_button=&#8221;on&#8221; button_text_color=&#8221;#FDF8E1&#8243; button_bg_color=&#8221;#842E30&#8243; button_border_color=&#8221;#FFFFFF&#8221; button_font=&#8221;Philosopher||||||||&#8221; button_use_icon=&#8221;off&#8221; custom_margin=&#8221;40%||48%||false|false&#8221; custom_css_main_element=&#8221;min-width: 250px;&#8221; global_colors_info=&#8221;{}&#8221; button_text_color__hover_enabled=&#8221;on|hover&#8221; button_text_color__hover=&#8221;#842E30&#8243; button_bg_color__hover_enabled=&#8221;on|hover&#8221; button_bg_color__hover=&#8221;#FDF8E1&#8243; button_bg_enable_color__hover=&#8221;on&#8221;][\/et_pb_button][\/et_pb_column][et_pb_column type=&#8221;1_3&#8243; _builder_version=&#8221;4.16&#8243; _module_preset=&#8221;default&#8221; background_image=&#8221;https:\/\/serverbordoni.com\/nuria\/wp-content\/uploads\/2021\/01\/OHGCW912.png&#8221; background_size=&#8221;contain&#8221; global_colors_info=&#8221;{}&#8221;][et_pb_button button_url=&#8221;https:\/\/serverbordoni.com\/nuria\/wp-content\/uploads\/2021\/02\/cv-eu-Nuria-_-aggiornato-2020-unito.pdf&#8221; url_new_window=&#8221;on&#8221; button_text=&#8221;CURRICULUM VITAE&#8221; button_alignment=&#8221;center&#8221; _builder_version=&#8221;4.16&#8243; _module_preset=&#8221;default&#8221; custom_button=&#8221;on&#8221; button_text_color=&#8221;#842E30&#8243; button_bg_color=&#8221;#FDF8E1&#8243; button_border_color=&#8221;#FFFFFF&#8221; button_font=&#8221;Philosopher||||||||&#8221; button_use_icon=&#8221;off&#8221; custom_margin=&#8221;40%||48%||false|false&#8221; custom_css_main_element=&#8221;min-width: 250px;&#8221; global_colors_info=&#8221;{}&#8221; button_text_color__hover_enabled=&#8221;on|hover&#8221; button_text_color__hover=&#8221;#FDF8E1&#8243; button_bg_color__hover_enabled=&#8221;on|hover&#8221; button_bg_color__hover=&#8221;#842E30&#8243; button_bg_enable_color__hover=&#8221;on&#8221;][\/et_pb_button][\/et_pb_column][et_pb_column type=&#8221;1_3&#8243; _builder_version=&#8221;4.16&#8243; _module_preset=&#8221;default&#8221; background_image=&#8221;https:\/\/serverbordoni.com\/nuria\/wp-content\/uploads\/2021\/03\/OHGCW91-924&#215;1024-al.png&#8221; background_size=&#8221;contain&#8221; global_colors_info=&#8221;{}&#8221;][et_pb_button button_url=&#8221;https:\/\/serverbordoni.com\/nuria\/libri\/&#8221; button_text=&#8221;LIBRI&#8221; button_alignment=&#8221;center&#8221; _builder_version=&#8221;4.16&#8243; _module_preset=&#8221;default&#8221; custom_button=&#8221;on&#8221; button_text_color=&#8221;#FDF8E1&#8243; button_bg_color=&#8221;#842E30&#8243; button_border_color=&#8221;#FFFFFF&#8221; button_font=&#8221;Philosopher||||||||&#8221; button_use_icon=&#8221;off&#8221; custom_margin=&#8221;40%||48%||false|false&#8221; custom_css_main_element=&#8221;min-width: 250px;&#8221; global_colors_info=&#8221;{}&#8221; button_text_color__hover_enabled=&#8221;on|hover&#8221; button_text_color__hover=&#8221;#842E30&#8243; button_bg_color__hover_enabled=&#8221;on|hover&#8221; button_bg_color__hover=&#8221;#FDF8E1&#8243; button_bg_enable_color__hover=&#8221;on&#8221;][\/et_pb_button][\/et_pb_column][\/et_pb_row][\/et_pb_section]<\/p>\n","protected":false},"excerpt":{"rendered":"<p>Danzatrice, coreografa e scrittrice; Nuria nasce a Barcellona, Spagna. Studia a Losanna, Svizzera le tecniche di danza moderna Graham e Limon. Continua la sua formazione nella danza classica e contemporanea in Francia, a Lione e Parigi. Lavora con la Compagnia di Danza \u201cCecil P. Booth\u201d, diretta da Chantal De Launay. Nel 1988 incontra la danzatrice [&hellip;]<\/p>\n","protected":false},"author":1,"featured_media":0,"parent":0,"menu_order":0,"comment_status":"closed","ping_status":"closed","template":"","meta":{"_et_pb_use_builder":"on","_et_pb_old_content":"","_et_gb_content_width":"","footnotes":""},"class_list":["post-59","page","type-page","status-publish","hentry"],"_links":{"self":[{"href":"https:\/\/serverbordoni.com\/nuria\/wp-json\/wp\/v2\/pages\/59","targetHints":{"allow":["GET"]}}],"collection":[{"href":"https:\/\/serverbordoni.com\/nuria\/wp-json\/wp\/v2\/pages"}],"about":[{"href":"https:\/\/serverbordoni.com\/nuria\/wp-json\/wp\/v2\/types\/page"}],"author":[{"embeddable":true,"href":"https:\/\/serverbordoni.com\/nuria\/wp-json\/wp\/v2\/users\/1"}],"replies":[{"embeddable":true,"href":"https:\/\/serverbordoni.com\/nuria\/wp-json\/wp\/v2\/comments?post=59"}],"version-history":[{"count":73,"href":"https:\/\/serverbordoni.com\/nuria\/wp-json\/wp\/v2\/pages\/59\/revisions"}],"predecessor-version":[{"id":2038,"href":"https:\/\/serverbordoni.com\/nuria\/wp-json\/wp\/v2\/pages\/59\/revisions\/2038"}],"wp:attachment":[{"href":"https:\/\/serverbordoni.com\/nuria\/wp-json\/wp\/v2\/media?parent=59"}],"curies":[{"name":"wp","href":"https:\/\/api.w.org\/{rel}","templated":true}]}}