{"id":325,"date":"2021-01-28T16:25:16","date_gmt":"2021-01-28T16:25:16","guid":{"rendered":"https:\/\/serverbordoni.com\/nuria\/?page_id=325"},"modified":"2021-03-09T17:50:39","modified_gmt":"2021-03-09T17:50:39","slug":"feldenkrais","status":"publish","type":"page","link":"https:\/\/serverbordoni.com\/nuria\/feldenkrais\/","title":{"rendered":"Feldenkrais"},"content":{"rendered":"<p>[et_pb_section fb_built=&#8221;1&#8243; _builder_version=&#8221;4.8.1&#8243; _module_preset=&#8221;default&#8221; custom_padding=&#8221;0px||0px||true|false&#8221;][et_pb_row _builder_version=&#8221;4.8.1&#8243; _module_preset=&#8221;default&#8221; width=&#8221;100%&#8221; max_width=&#8221;100%&#8221; custom_padding=&#8221;0px||0px||true|false&#8221;][et_pb_column type=&#8221;4_4&#8243; _builder_version=&#8221;4.8.1&#8243; _module_preset=&#8221;default&#8221;][et_pb_gallery gallery_ids=&#8221;1077,335&#8243; fullwidth=&#8221;on&#8221; _builder_version=&#8221;4.9.1&#8243; _module_preset=&#8221;default&#8221; auto=&#8221;on&#8221; auto_speed=&#8221;3500&#8243;][\/et_pb_gallery][\/et_pb_column][\/et_pb_row][\/et_pb_section][et_pb_section fb_built=&#8221;1&#8243; _builder_version=&#8221;4.8.1&#8243; _module_preset=&#8221;default&#8221; background_color=&#8221;#FDF8E1&#8243; collapsed=&#8221;off&#8221;][et_pb_row use_custom_gutter=&#8221;on&#8221; gutter_width=&#8221;1&#8243; make_equal=&#8221;on&#8221; _builder_version=&#8221;4.8.1&#8243; _module_preset=&#8221;default&#8221; background_color=&#8221;#FDF8E1&#8243; width=&#8221;100%&#8221; max_width=&#8221;90%&#8221; module_alignment=&#8221;center&#8221;][et_pb_column type=&#8221;4_4&#8243; _builder_version=&#8221;4.8.1&#8243; _module_preset=&#8221;default&#8221; custom_padding=&#8221;0px|15px|||false|false&#8221;][et_pb_text _builder_version=&#8221;4.8.1&#8243; _module_preset=&#8221;default&#8221; text_font=&#8221;|300|||||||&#8221; text_font_size=&#8221;16px&#8221; text_orientation=&#8221;justified&#8221; custom_padding=&#8221;0px|25px|5px||false|false&#8221;]<\/p>\n<h2 style=\"text-align: center;\"><strong>Cos\u2019\u00e8 il Metodo Feldenkrais<\/strong><\/h2>\n<h2 style=\"text-align: center;\"><em>Pensiero-Sensazione-Sentimento-Azione<\/em><\/h2>\n<p>&nbsp;<\/p>\n<p>[\/et_pb_text][\/et_pb_column][\/et_pb_row][et_pb_row column_structure=&#8221;1_2,1_2&#8243; use_custom_gutter=&#8221;on&#8221; gutter_width=&#8221;1&#8243; make_equal=&#8221;on&#8221; _builder_version=&#8221;4.8.1&#8243; _module_preset=&#8221;default&#8221; background_color=&#8221;#FDF8E1&#8243; width=&#8221;100%&#8221; max_width=&#8221;90%&#8221; module_alignment=&#8221;center&#8221;][et_pb_column type=&#8221;1_2&#8243; _builder_version=&#8221;4.8.1&#8243; _module_preset=&#8221;default&#8221; custom_padding=&#8221;0px|15px|||false|false&#8221; border_width_right=&#8221;1px&#8221;][et_pb_text _builder_version=&#8221;4.8.1&#8243; _module_preset=&#8221;default&#8221; text_font=&#8221;|300|||||||&#8221; text_font_size=&#8221;16px&#8221; text_orientation=&#8221;justified&#8221; custom_padding=&#8221;0px|25px|25px||false|false&#8221;]<\/p>\n<p>&#8220;Lo Scopo del Metodo Feldenkrais \u00e8 un <strong>CORPO ORGANIZZATO<\/strong> che si muove <strong>con il minimo sforzo e massima efficienza<\/strong>. Nulla nei nostri schemi di comportamento \u00e8 immutabile, se non il credere che lo siano\u201d. (Moshe Feldenkrais).<br \/> Il Metodo Feldenkrais \u00e8 uno straordinario <strong>sistema globale di educazione<\/strong> somatica che usa il movimento <strong>per sviluppare una piena consapevolezza di s\u00e9<\/strong> e migliorare la propria auto-immagine.<br \/> Il Metodo Feldenkrais agisce riorganizzando in modo pi\u00f9 funzionale i movimenti e le azioni che compiamo nella vita quotidiana (ad es. allungarsi per prendere un oggetto, sedersi o alzarsi da una sedia, camminare, correre, suonare uno strumento, danzare, ecc.) con conseguente maggior benessere generale. Questa riorganizzazione avviene spontaneamente nel momento in cui le persone sono in grado di percepire chiaramente le proprie abitudini ed hanno l\u2019occasione di scoprire delle alternative che possono sentire migliori.<br \/> Attraverso le varie esperienze che offre il Metodo Feldenkrais, <strong>si accresce la consapevolezza del corpo in movimento<\/strong>, si sviluppa la propriocezione, si affina la qualit\u00e0 di gesti e movimenti e migliora l\u2019immagine di s\u00e9.<\/p>\n<p>[\/et_pb_text][\/et_pb_column][et_pb_column type=&#8221;1_2&#8243; _builder_version=&#8221;4.8.1&#8243; _module_preset=&#8221;default&#8221; custom_padding=&#8221;|||15px|false|false&#8221;][et_pb_image src=&#8221;https:\/\/serverbordoni.com\/nuria\/wp-content\/uploads\/2021\/03\/f24.jpg&#8221; title_text=&#8221;f24&#8243; _builder_version=&#8221;4.9.1&#8243; _module_preset=&#8221;default&#8221; hover_enabled=&#8221;0&#8243; sticky_enabled=&#8221;0&#8243;][\/et_pb_image][\/et_pb_column][\/et_pb_row][et_pb_row column_structure=&#8221;1_2,1_2&#8243; use_custom_gutter=&#8221;on&#8221; gutter_width=&#8221;1&#8243; make_equal=&#8221;on&#8221; _builder_version=&#8221;4.8.1&#8243; _module_preset=&#8221;default&#8221; background_color=&#8221;#FDF8E1&#8243; width=&#8221;100%&#8221; max_width=&#8221;90%&#8221; module_alignment=&#8221;center&#8221;][et_pb_column type=&#8221;1_2&#8243; _builder_version=&#8221;4.8.1&#8243; _module_preset=&#8221;default&#8221; custom_padding=&#8221;|15px|||false|false&#8221; border_width_right=&#8221;1px&#8221;][et_pb_image src=&#8221;https:\/\/serverbordoni.com\/nuria\/wp-content\/uploads\/2021\/01\/f1.jpg&#8221; title_text=&#8221;f1&#8243; _builder_version=&#8221;4.8.1&#8243; _module_preset=&#8221;default&#8221;][\/et_pb_image][\/et_pb_column][et_pb_column type=&#8221;1_2&#8243; _builder_version=&#8221;4.8.1&#8243; _module_preset=&#8221;default&#8221; custom_padding=&#8221;|||15px|false|false&#8221;][et_pb_text _builder_version=&#8221;4.8.1&#8243; _module_preset=&#8221;default&#8221; text_font=&#8221;|300|||||||&#8221; text_font_size=&#8221;16px&#8221; text_orientation=&#8221;justified&#8221; custom_padding=&#8221;0px||0px|25px|true|false&#8221;]<\/p>\n<p>La nostra quotidianit\u00e0 pu\u00f2 riacquisire <strong>facilit\u00e0 e vitalit\u00e0, leggerezza e flessibilit\u00e0, e migliorare in precisione ed efficacia,<\/strong> aiutandoci a vivere una vita pi\u00f9 dinamica e piena. Con la pratica del metodo ognuno diventa artefice del proprio benessere globale, migliorando la capacit\u00e0 di agire nel modo circostante. Per praticare il Metodo Feldenkrais basta avere curiosit\u00e0, apertura\u00a0all\u2019esplorazione, alla conoscenza di s\u00e9 e\u00a0all\u2019ascolto\u00a0del proprio corpo. Le lezioni possono essere di gruppo o individuali.<br \/> Ogni lezione di gruppo o C.A.M (<strong>consapevolezza attraverso movimento<\/strong>) \u00e8 un&#8217;opportunit\u00e0 per rallentare e ripulire le tensioni inutili. Il metodo si basa sulla esplorazione di sequenze inusuali e originali di movimento, fatte per lo pi\u00f9 distese al pavimento. Queste sono progettate per mettere in luce nuove possibilit\u00e0 d\u2019apprendere, cercando d\u2019affinare l\u2019attenzione e portare la presenza ad ogni gesto. L\u2019enfasi non \u00e8 sul fare i movimenti giusti o sbagliati, ma \u00e8 una esplorazione \u00e8 un processo che offre una ampia gamma di opzioni di movimento al nostro sistema nervoso. L\u2019insegnante guida verbalmente i movimenti, invitando a esplorare con curiosit\u00e0 e creativit\u00e0 la progressione di piccoli gesti verso le complesse azioni quotidiane come, girarsi, piegarsi, voltarsi, alzarsi, camminare\u2026 <strong>Adatto a tutti, senza limite di et\u00e0.<\/strong><\/p>\n<p>[\/et_pb_text][\/et_pb_column][\/et_pb_row][et_pb_row column_structure=&#8221;1_2,1_2&#8243; use_custom_gutter=&#8221;on&#8221; gutter_width=&#8221;1&#8243; make_equal=&#8221;on&#8221; _builder_version=&#8221;4.8.1&#8243; _module_preset=&#8221;default&#8221; background_color=&#8221;#FDF8E1&#8243; width=&#8221;100%&#8221; max_width=&#8221;90%&#8221; module_alignment=&#8221;center&#8221;][et_pb_column type=&#8221;1_2&#8243; _builder_version=&#8221;4.8.1&#8243; _module_preset=&#8221;default&#8221; custom_padding=&#8221;0px|15px|||false|false&#8221; border_width_right=&#8221;1px&#8221;][et_pb_text _builder_version=&#8221;4.8.1&#8243; _module_preset=&#8221;default&#8221; text_font=&#8221;|300|||||||&#8221; text_font_size=&#8221;16px&#8221; link_text_color=&#8221;#842E30&#8243; text_orientation=&#8221;justified&#8221; custom_padding=&#8221;0px|25px|25px||false|false&#8221;]<\/p>\n<p>Nelle lezioni individuali I.F. (<strong>integrazione funzionale<\/strong>) di solito l&#8217;allievo viene fatto stendere su un lettino (ma la lezione pu\u00f2 avvenire anche da seduto e\/o in piedi). L&#8217;insegnante utilizza una tecnica manuale non invasiva per rendere l&#8217;allievo consapevole della propria organizzazione funzionale e suggerire nuovi modi per renderla pi\u00f9 efficiente. Il contatto manuale \u00e8 rispettoso e delicato, mai orientato a forzare bens\u00ec a creare un ambiente favorevole all&#8217;apprendimento.<\/p>\n<p><strong>Nuria Sala<\/strong> Ottiene il Diploma il 08.01.2019<br \/> <strong>CENTRO FELDENKRAIS A.S.C.D.<\/strong><br \/> Formazione quadriennale 2015-2019<br \/> con la <em>Dott.ssa Mara Fusero<\/em> (Milano-Levico-5)<br \/> Accreditato dal Feldenkrais European Training Accreditation Board (EuroTAB)<br \/> <strong><a href=\"https:\/\/feldenkrais-method.org\/it\/archive\/moshe-feldenkrais\/\" target=\"_blank\" rel=\"noopener noreferrer\">https:\/\/feldenkrais-method.org\/it\/archive\/moshe-feldenkrais\/<\/a><\/strong><br \/><strong> <a href=\"https:\/\/www.feldenkrais.it\" target=\"_blank\" rel=\"noopener noreferrer\">https:\/\/www.feldenkrais.it<\/a><\/strong><br \/><strong> <a href=\"https:\/\/www.feldenkraismovimento.it\/it\/\" target=\"_blank\" rel=\"noopener noreferrer\">https:\/\/www.feldenkraismovimento.it\/it\/<\/a><\/strong><br \/><strong> <a href=\"http:\/\/www.istitutofeldenkrais.it\" target=\"_blank\" rel=\"noopener noreferrer\">http:\/\/www.istitutofeldenkrais.it<\/a><\/strong><\/p>\n<p>[\/et_pb_text][\/et_pb_column][et_pb_column type=&#8221;1_2&#8243; _builder_version=&#8221;4.8.1&#8243; _module_preset=&#8221;default&#8221; custom_padding=&#8221;|||15px|false|false&#8221;][et_pb_image src=&#8221;https:\/\/serverbordoni.com\/nuria\/wp-content\/uploads\/2021\/01\/f3.jpg&#8221; title_text=&#8221;f3&#8243; _builder_version=&#8221;4.8.1&#8243; _module_preset=&#8221;default&#8221;][\/et_pb_image][\/et_pb_column][\/et_pb_row][\/et_pb_section]<\/p>\n","protected":false},"excerpt":{"rendered":"<p>Cos\u2019\u00e8 il Metodo Feldenkrais Pensiero-Sensazione-Sentimento-Azione &nbsp;&#8220;Lo Scopo del Metodo Feldenkrais \u00e8 un CORPO ORGANIZZATO che si muove con il minimo sforzo e massima efficienza. Nulla nei nostri schemi di comportamento \u00e8 immutabile, se non il credere che lo siano\u201d. (Moshe Feldenkrais). Il Metodo Feldenkrais \u00e8 uno straordinario sistema globale di educazione somatica che usa il [&hellip;]<\/p>\n","protected":false},"author":1,"featured_media":0,"parent":0,"menu_order":0,"comment_status":"closed","ping_status":"closed","template":"","meta":{"_et_pb_use_builder":"on","_et_pb_old_content":"","_et_gb_content_width":"","footnotes":""},"class_list":["post-325","page","type-page","status-publish","hentry"],"_links":{"self":[{"href":"https:\/\/serverbordoni.com\/nuria\/wp-json\/wp\/v2\/pages\/325","targetHints":{"allow":["GET"]}}],"collection":[{"href":"https:\/\/serverbordoni.com\/nuria\/wp-json\/wp\/v2\/pages"}],"about":[{"href":"https:\/\/serverbordoni.com\/nuria\/wp-json\/wp\/v2\/types\/page"}],"author":[{"embeddable":true,"href":"https:\/\/serverbordoni.com\/nuria\/wp-json\/wp\/v2\/users\/1"}],"replies":[{"embeddable":true,"href":"https:\/\/serverbordoni.com\/nuria\/wp-json\/wp\/v2\/comments?post=325"}],"version-history":[{"count":17,"href":"https:\/\/serverbordoni.com\/nuria\/wp-json\/wp\/v2\/pages\/325\/revisions"}],"predecessor-version":[{"id":1254,"href":"https:\/\/serverbordoni.com\/nuria\/wp-json\/wp\/v2\/pages\/325\/revisions\/1254"}],"wp:attachment":[{"href":"https:\/\/serverbordoni.com\/nuria\/wp-json\/wp\/v2\/media?parent=325"}],"curies":[{"name":"wp","href":"https:\/\/api.w.org\/{rel}","templated":true}]}}