{"id":130,"date":"2021-01-20T18:32:38","date_gmt":"2021-01-20T18:32:38","guid":{"rendered":"https:\/\/serverbordoni.com\/nuria\/?page_id=130"},"modified":"2021-04-15T15:32:25","modified_gmt":"2021-04-15T15:32:25","slug":"bharatanatyam","status":"publish","type":"page","link":"https:\/\/serverbordoni.com\/nuria\/bharatanatyam\/","title":{"rendered":"Bharatanatyam"},"content":{"rendered":"<p>[et_pb_section fb_built=&#8221;1&#8243; _builder_version=&#8221;4.8.1&#8243; _module_preset=&#8221;default&#8221; custom_padding=&#8221;0px||0px||true|false&#8221;][et_pb_row _builder_version=&#8221;4.8.1&#8243; _module_preset=&#8221;default&#8221; width=&#8221;100%&#8221; max_width=&#8221;100%&#8221; custom_padding=&#8221;0px||0px||true|false&#8221;][et_pb_column type=&#8221;4_4&#8243; _builder_version=&#8221;4.8.1&#8243; _module_preset=&#8221;default&#8221;][et_pb_image src=&#8221;https:\/\/serverbordoni.com\/nuria\/wp-content\/uploads\/2021\/04\/slidbn.jpg&#8221; title_text=&#8221;slidbn&#8221; force_fullwidth=&#8221;on&#8221; _builder_version=&#8221;4.9.4&#8243; _module_preset=&#8221;default&#8221; custom_padding=&#8221;0px||0px||true|false&#8221; hover_enabled=&#8221;0&#8243; sticky_enabled=&#8221;0&#8243;][\/et_pb_image][\/et_pb_column][\/et_pb_row][\/et_pb_section][et_pb_section fb_built=&#8221;1&#8243; _builder_version=&#8221;4.8.1&#8243; _module_preset=&#8221;default&#8221; background_enable_color=&#8221;off&#8221; custom_padding=&#8221;0px||||false|false&#8221; collapsed=&#8221;off&#8221;][et_pb_row column_structure=&#8221;1_4,1_2,1_4&#8243; use_custom_gutter=&#8221;on&#8221; gutter_width=&#8221;1&#8243; make_equal=&#8221;on&#8221; _builder_version=&#8221;4.8.1&#8243; _module_preset=&#8221;default&#8221; background_color=&#8221;#FDF8E1&#8243; background_enable_image=&#8221;off&#8221; background_size=&#8221;initial&#8221; width=&#8221;100%&#8221; max_width=&#8221;100%&#8221; custom_margin=&#8221;||||true|false&#8221; custom_padding=&#8221;0px||0px||true|true&#8221;][et_pb_column type=&#8221;1_4&#8243; _builder_version=&#8221;4.8.1&#8243; _module_preset=&#8221;default&#8221; custom_padding=&#8221;||||false|true&#8221;][et_pb_image src=&#8221;https:\/\/serverbordoni.com\/nuria\/wp-content\/uploads\/2021\/01\/bharatanatyam-01Mulas.jpg&#8221; title_text=&#8221;bharatanatyam-01Mulas&#8221; _builder_version=&#8221;4.8.1&#8243; _module_preset=&#8221;default&#8221; custom_margin=&#8221;40px||||false|false&#8221;][\/et_pb_image][\/et_pb_column][et_pb_column type=&#8221;1_2&#8243; _builder_version=&#8221;4.8.1&#8243; _module_preset=&#8221;default&#8221; background_image=&#8221;https:\/\/serverbordoni.com\/nuria\/wp-content\/uploads\/2021\/01\/42053042.jpg&#8221; custom_padding=&#8221;||||false|true&#8221;][et_pb_text _builder_version=&#8221;4.8.1&#8243; _module_preset=&#8221;default&#8221; text_font=&#8221;||||||||&#8221; text_font_size=&#8221;16px&#8221; background_color=&#8221;#FFFFFF&#8221; text_orientation=&#8221;justified&#8221; custom_margin=&#8221;50px|50px|50px|50px|true|true&#8221; custom_padding=&#8221;25px|25px|25px|25px|true|true&#8221; box_shadow_style=&#8221;preset3&#8243;]<\/p>\n<p>Il <span style=\"color: #800000;\"><strong>Bharatanatyam<\/strong><\/span> \u00e9 una sintesi tra varie discipline artistiche: danza, teatro, poesia, ritmo e musica. Le sue origini risalgono addirittura al secondo millenio a.C., attinge al repertorio mitico e <span style=\"color: #333333;\"><strong>rappresenta la gesta degli dei<\/strong><\/span> con un preciso linguaggio corporeo che \u00e8 stato codificato a partire dai primi secoli dell&#8217;<span style=\"color: #800000;\"><strong><span style=\"color: #333333;\">era cristiana nel<\/span> &#8220;Natyashastra<\/strong>&#8220;<\/span>, un ampio trattato concernente il teatro, la danza e la musica.<\/p>\n<p>Tra i principali stili di danza classica indiana \u00e8 uno dei pi\u00f9 importanti, praticato nello <span style=\"color: #800000;\"><strong><span style=\"color: #333333;\">stato del<\/span> Tamilnadu, sud dell&#8217;India<\/strong><\/span>.<br \/> <em>Una danza ieratica, quasi una matematica del movimento che obbedisce a rigorose tecniche di tempi e di gesti.<\/em><br \/> Si caratterizza per la sua geometria delle linee, la velocit\u00e0 e la ricchezza ritmica, combinato con un elaborato linguaggio delle mani e una raffinata mimica del volto.<br \/> E&#8217; una disciplina complessa che richiede concentrazione e dedizione, e che coinvolge la <em>totalit\u00e0 dell&#8217;essere.<\/em><\/p>\n<p>[\/et_pb_text][\/et_pb_column][et_pb_column type=&#8221;1_4&#8243; _builder_version=&#8221;4.8.1&#8243; _module_preset=&#8221;default&#8221; custom_padding=&#8221;||||false|true&#8221;][et_pb_image src=&#8221;https:\/\/serverbordoni.com\/nuria\/wp-content\/uploads\/2021\/01\/bharatanatyam-012Mulas.jpg&#8221; title_text=&#8221;bharatanatyam-012Mulas&#8221; _builder_version=&#8221;4.8.1&#8243; _module_preset=&#8221;default&#8221; custom_margin=&#8221;40px||||false|false&#8221; custom_padding=&#8221;||||false|false&#8221;][\/et_pb_image][\/et_pb_column][\/et_pb_row][et_pb_row _builder_version=&#8221;4.9.2&#8243; _module_preset=&#8221;default&#8221; width=&#8221;100%&#8221; max_width=&#8221;100%&#8221; custom_padding=&#8221;0px||0px||true|false&#8221; border_width_all=&#8221;12px&#8221; border_color_all=&#8221;#842E30&#8243; box_shadow_style=&#8221;preset3&#8243;][et_pb_column type=&#8221;4_4&#8243; _builder_version=&#8221;4.9.2&#8243; _module_preset=&#8221;default&#8221;][et_pb_gallery gallery_ids=&#8221;1376,1377,1378&#8243; fullwidth=&#8221;on&#8221; _builder_version=&#8221;4.9.2&#8243; _module_preset=&#8221;default&#8221; auto=&#8221;on&#8221; auto_speed=&#8221;3000&#8243;][\/et_pb_gallery][\/et_pb_column][\/et_pb_row][et_pb_row column_structure=&#8221;1_6,1_6,1_6,1_6,1_6,1_6&#8243; use_custom_gutter=&#8221;on&#8221; gutter_width=&#8221;1&#8243; _builder_version=&#8221;4.9.2&#8243; _module_preset=&#8221;default&#8221; background_color=&#8221;#FDF8E1&#8243; width=&#8221;100%&#8221; max_width=&#8221;100%&#8221; custom_margin=&#8221;||||false|false&#8221; custom_padding=&#8221;0px||||false|false&#8221; collapsed=&#8221;off&#8221;][et_pb_column type=&#8221;1_6&#8243; _builder_version=&#8221;4.8.1&#8243; _module_preset=&#8221;default&#8221;][\/et_pb_column][et_pb_column type=&#8221;1_6&#8243; _builder_version=&#8221;4.8.1&#8243; _module_preset=&#8221;default&#8221;][\/et_pb_column][et_pb_column type=&#8221;1_6&#8243; _builder_version=&#8221;4.8.1&#8243; _module_preset=&#8221;default&#8221;][\/et_pb_column][et_pb_column type=&#8221;1_6&#8243; _builder_version=&#8221;4.8.1&#8243; _module_preset=&#8221;default&#8221;][\/et_pb_column][et_pb_column type=&#8221;1_6&#8243; _builder_version=&#8221;4.8.1&#8243; _module_preset=&#8221;default&#8221;][et_pb_text _builder_version=&#8221;4.9.2&#8243; _module_preset=&#8221;default&#8221; text_font_size=&#8221;18px&#8221; custom_padding=&#8221;20px|0px|||false|false&#8221;]<\/p>\n<p style=\"text-align: right;\"><em>Photo by Melina Mulas\u00a0<\/em><\/p>\n<p>[\/et_pb_text][\/et_pb_column][et_pb_column type=&#8221;1_6&#8243; _builder_version=&#8221;4.8.1&#8243; _module_preset=&#8221;default&#8221;][\/et_pb_column][\/et_pb_row][et_pb_row use_custom_gutter=&#8221;on&#8221; gutter_width=&#8221;2&#8243; _builder_version=&#8221;4.8.1&#8243; _module_preset=&#8221;default&#8221; width=&#8221;100%&#8221; max_width=&#8221;85%&#8221; collapsed=&#8221;on&#8221;][et_pb_column type=&#8221;4_4&#8243; _builder_version=&#8221;4.8.1&#8243; _module_preset=&#8221;default&#8221;][et_pb_text _builder_version=&#8221;4.8.1&#8243; _module_preset=&#8221;default&#8221; text_font=&#8221;||||||||&#8221; text_font_size=&#8221;16px&#8221; text_orientation=&#8221;justified&#8221;]<\/p>\n<h1>LA DANZA DEGLI DEI<\/h1>\n<p>La danza le cui origini risalgono addirittura al secondo millenio a.C, attinge al repertorio mitico e rappresenta la gesta degli dei con un preciso linguaggio corporeo che \u00e8 stato codificato a partire dai primi secoli dell&#8217;era cristiana nel &#8220;<span style=\"color: #800000;\"><strong>Natyashastra<\/strong><\/span>&#8220;, un ampio trattato concernente il teatro, la danza e la musica.<\/p>\n<p>Lo spettacolo tradizionale, vera e propia sacra rappresentazione, si articola in una serie di brani nei quali si alternano due tipi di danza, una cosiddetta <em>&#8220;espressiva&#8221;<\/em> <strong>che racconta l&#8217;evento mitologico<\/strong> servendosi di un rigoroso vocabolario di gesti, <span style=\"color: #800000;\"><strong>abbinaya<\/strong><\/span>; l&#8217;altra definita &#8220;<em>pura<\/em>&#8220;, <span style=\"color: #800000;\"><strong>nritta<\/strong><\/span>,<br \/> nella quale l&#8217;artista esprime le propie emozioni attraverso <strong>movimenti e coreografie pi\u00f9 libere<\/strong>.<\/p>\n<p>Tra i vari stili di danze tradizionali che si sono sviluppati nel corso dei secoli, uno dei pi\u00f9 noti \u00e8 il bharatanatya, nato prima del Mille nella zona di quello che \u00e8 oggi lo stato del Tamilnadu, nell&#8217;India del sud. Ad eseguirlo, fino al secolo scorso, erano <strong>le devadasi , le &#8220;ancelle degli dei&#8221;<\/strong>, fanciulle dedicate dalle loro famiglie al servizio rituale nei templi, istruite nella danza e in altre arti raffinate, che godevano di alta considerazione sociale.<\/p>\n<p>Le vicende storiche, tuttavia, portarono alla decadenza dell&#8217;istituzione delle devadasi che vennero <em>perdendo il loro ruolo sacral<\/em>e, con conseguente svalutazione anche del bharatanatya . Agli inizi del nostro secolo un gruppo di personalit\u00e0 illuminate, tra cui la grande danzatrice <span style=\"color: #800000;\"><strong>Rukmini Devi<\/strong><\/span>, si adoper\u00f2 per salvare dall&#8217;oblio e riportare all&#8217;antico splendore tale nobile arte.<\/p>\n<p>[\/et_pb_text][\/et_pb_column][\/et_pb_row][et_pb_row _builder_version=&#8221;4.8.1&#8243; _module_preset=&#8221;default&#8221; width=&#8221;100%&#8221; max_width=&#8221;100%&#8221; custom_margin=&#8221;35px||35px||true|false&#8221; custom_padding=&#8221;0px||0px||true|false&#8221; collapsed=&#8221;on&#8221;][et_pb_column type=&#8221;4_4&#8243; _builder_version=&#8221;4.8.1&#8243; _module_preset=&#8221;default&#8221;][et_pb_gallery gallery_ids=&#8221;1576,1577&#8243; fullwidth=&#8221;on&#8221; _builder_version=&#8221;4.9.4&#8243; _module_preset=&#8221;default&#8221; auto=&#8221;on&#8221; auto_speed=&#8221;3000&#8243;][\/et_pb_gallery][\/et_pb_column][\/et_pb_row][et_pb_row use_custom_gutter=&#8221;on&#8221; gutter_width=&#8221;2&#8243; _builder_version=&#8221;4.8.1&#8243; _module_preset=&#8221;default&#8221; width=&#8221;100%&#8221; max_width=&#8221;85%&#8221;][et_pb_column type=&#8221;4_4&#8243; _builder_version=&#8221;4.8.1&#8243; _module_preset=&#8221;default&#8221;][et_pb_text _builder_version=&#8221;4.8.1&#8243; _module_preset=&#8221;default&#8221; text_font=&#8221;||||||||&#8221; text_font_size=&#8221;16px&#8221; text_orientation=&#8221;justified&#8221;]<\/p>\n<p>Sorta di preghiera in movimento, il Bharatanatya <strong>raffigura il gioco degli dei e la loro interazione con il mondo umano<\/strong>, esprimendo al contempo i nove sentimenti fondamentali dell&#8217;anima: <em>l&#8217;amore, la gioia, la pena, la collera, l&#8217;eroismo, la paura, l&#8217;indignazione, lo stupore e la pace.<\/em><br \/> L&#8217;artista grazie alla sua sensibilit\u00e0, fa propio l&#8217;evento mitico che si accinge a rappresentare e che conosce nei minimi detagli, trasformandosi cos\u00ec nel personaggio che interpreta e vivendone il dramma o la gioia con totale compartecipazione.<\/p>\n<p>Bench\u00e9 l&#8217;insegnamento sia trasmesso anche da maestri, l&#8217;esecuzione \u00e9 affidata a danzatrici che generalmente si esibiscono in <strong>&#8220;a solo&#8221;<\/strong>, <strong>drappeggiate in serici sari<\/strong> , cinque metri di stoffa avvolta attorno alla vita e passata sopra la spalla, oggi spesso sostituita da attillati pantaloni su cui si apre un ventaglio di pieghe. Il bolerino, la stola, numerosi gioielli, le cavigliere tintinnanti e un&#8217;acconciatura di fiori completano l&#8217;abbigliamanto delle danzatrice, il cui trucco elaborato serve ad evidenziare l&#8217;espressione del viso e il mobile gioco degli occhi. <em>L&#8217;accompagnamento musicale \u00e9 affidato al violino, il flauto, il mrudangam (percussione), ai cembali e all&#8217;armonio, mentre chi canta intona le strofe che narrano l&#8217;evento mitico, mimato nei brani di danza espressiva, e scandisce le sillabe che ritmano le esibizioni di danza pura.<\/em><\/p>\n<p>La lunga preparazione e la disciplina a cui per anni si \u00e8 sottoposta le permettono di liberarsi della sua individualit\u00e0 e di assumere una personalit\u00e0 universale interprete di un&#8217;emozione che non \u00e8 quella del singolo, <em>ma appartiene all&#8217;umanit\u00e0.<\/em> Cos\u00ec lo spettatore, contemplando la danza, entra in sintonia con l&#8217;artista e vi si identifica, sperimentando il <em>sentimento strinseco<\/em>. E dato che questo \u00e8 vissuto nella dimensione mitica, al di l\u00e0 del tempo e dello spazio, ovvero del contingente, lo spettacolo diventa evento cosmico: i gesti profani si trasfigurano in sacra rappresentazione e <em>attraverso la danza l&#8217;uomo dialoga con Dio<\/em>. La tradizione del Bharatanatya si \u00e8 mantenuta intatta al <strong>Kalakshetra<\/strong>, il &#8220;<em>Santo luogo dell&#8217;arte&#8221;<\/em>, fondato nei pressi di <strong>Madras da Rukmini Devi<\/strong> secondo le modalit\u00e0 degli <em>antichi ashram,<\/em> oasi idilliche di vita comunitaria, ove la diretta trasmissione fra maestro e discepolo \u00e8 volta a realizzare l&#8217;utopia dell&#8217;arte perfetta e spiritualizzata. Lungi dall&#8217;essere forma estetizzante fine a se stessa, <em>bharatanatya diviene sottile scienza di vita che insegna a conoscere se stessi e a leggere nella realt\u00e0 la profonda bellezza che allude ad un altro piano dell&#8217;essere, quello divino.<\/em><\/p>\n<p><em>Marilia Albanese<\/em>.<\/p>\n<p>Questo articolo \u00e8 stato pubblicato nella rivista &#8220;<em>Tutto Danza&#8221;<\/em>, state 1999, assieme al <em>servizio fotografico di Angelo Redaelli.<\/em><\/p>\n<p>[\/et_pb_text][\/et_pb_column][\/et_pb_row][\/et_pb_section]<\/p>\n","protected":false},"excerpt":{"rendered":"<p>Il Bharatanatyam \u00e9 una sintesi tra varie discipline artistiche: danza, teatro, poesia, ritmo e musica. Le sue origini risalgono addirittura al secondo millenio a.C., attinge al repertorio mitico e rappresenta la gesta degli dei con un preciso linguaggio corporeo che \u00e8 stato codificato a partire dai primi secoli dell&#8217;era cristiana nel &#8220;Natyashastra&#8221;, un ampio trattato [&hellip;]<\/p>\n","protected":false},"author":1,"featured_media":0,"parent":0,"menu_order":0,"comment_status":"closed","ping_status":"closed","template":"","meta":{"_et_pb_use_builder":"on","_et_pb_old_content":"","_et_gb_content_width":"","footnotes":""},"class_list":["post-130","page","type-page","status-publish","hentry"],"_links":{"self":[{"href":"https:\/\/serverbordoni.com\/nuria\/wp-json\/wp\/v2\/pages\/130","targetHints":{"allow":["GET"]}}],"collection":[{"href":"https:\/\/serverbordoni.com\/nuria\/wp-json\/wp\/v2\/pages"}],"about":[{"href":"https:\/\/serverbordoni.com\/nuria\/wp-json\/wp\/v2\/types\/page"}],"author":[{"embeddable":true,"href":"https:\/\/serverbordoni.com\/nuria\/wp-json\/wp\/v2\/users\/1"}],"replies":[{"embeddable":true,"href":"https:\/\/serverbordoni.com\/nuria\/wp-json\/wp\/v2\/comments?post=130"}],"version-history":[{"count":58,"href":"https:\/\/serverbordoni.com\/nuria\/wp-json\/wp\/v2\/pages\/130\/revisions"}],"predecessor-version":[{"id":1590,"href":"https:\/\/serverbordoni.com\/nuria\/wp-json\/wp\/v2\/pages\/130\/revisions\/1590"}],"wp:attachment":[{"href":"https:\/\/serverbordoni.com\/nuria\/wp-json\/wp\/v2\/media?parent=130"}],"curies":[{"name":"wp","href":"https:\/\/api.w.org\/{rel}","templated":true}]}}