{"id":1152,"date":"2021-03-08T16:41:16","date_gmt":"2021-03-08T16:41:16","guid":{"rendered":"https:\/\/serverbordoni.com\/nuria\/?page_id=1152"},"modified":"2025-05-26T09:19:38","modified_gmt":"2025-05-26T09:19:38","slug":"corsi","status":"publish","type":"page","link":"https:\/\/serverbordoni.com\/nuria\/corsi\/","title":{"rendered":"Corsi"},"content":{"rendered":"<p>[et_pb_section fb_built=&#8221;1&#8243; _builder_version=&#8221;4.16&#8243; _module_preset=&#8221;default&#8221; custom_padding=&#8221;0px||0px||true|false&#8221; global_colors_info=&#8221;{}&#8221;][et_pb_row _builder_version=&#8221;4.16&#8243; _module_preset=&#8221;default&#8221; width=&#8221;100%&#8221; max_width=&#8221;100%&#8221; custom_padding=&#8221;0px||0px||true|false&#8221; global_colors_info=&#8221;{}&#8221;][et_pb_column type=&#8221;4_4&#8243; _builder_version=&#8221;4.16&#8243; _module_preset=&#8221;default&#8221; global_colors_info=&#8221;{}&#8221;][et_pb_image src=&#8221;https:\/\/serverbordoni.com\/nuria\/wp-content\/uploads\/2021\/03\/SLIDE-CORSI.jpg&#8221; title_text=&#8221;SLIDE CORSI&#8221; _builder_version=&#8221;4.16&#8243; _module_preset=&#8221;default&#8221; global_colors_info=&#8221;{}&#8221;][\/et_pb_image][\/et_pb_column][\/et_pb_row][\/et_pb_section][et_pb_section fb_built=&#8221;1&#8243; _builder_version=&#8221;4.16&#8243; _module_preset=&#8221;default&#8221; background_color=&#8221;#FDF8E1&#8243; background_enable_image=&#8221;off&#8221; custom_margin=&#8221;0px||||false|false&#8221; custom_padding=&#8221;0px||0px||true|false&#8221; border_width_bottom=&#8221;2px&#8221; border_color_bottom=&#8221;#842E30&#8243; global_colors_info=&#8221;{}&#8221;][et_pb_row column_structure=&#8221;1_2,1_2&#8243; use_custom_gutter=&#8221;on&#8221; gutter_width=&#8221;2&#8243; _builder_version=&#8221;4.16&#8243; _module_preset=&#8221;default&#8221; background_enable_color=&#8221;off&#8221; width=&#8221;100%&#8221; max_width=&#8221;85%&#8221; module_alignment=&#8221;center&#8221; custom_padding=&#8221;0px||0px||true|true&#8221; global_colors_info=&#8221;{}&#8221;][et_pb_column type=&#8221;1_2&#8243; module_id=&#8221;1&#8243; _builder_version=&#8221;4.16&#8243; _module_preset=&#8221;default&#8221; background_image=&#8221;https:\/\/serverbordoni.com\/nuria\/wp-content\/uploads\/2021\/03\/SL-112419-25350-16-Convertito.jpg&#8221; background_size=&#8221;contain&#8221; custom_padding=&#8221;0px||0px||true|false&#8221; global_colors_info=&#8221;{}&#8221;][et_pb_button button_url=&#8221;#bharatanatyam&#8221; button_text=&#8221;CORSI BHARATANATYAM&#8221; button_alignment=&#8221;center&#8221; module_class=&#8221;nh_tasto closed&#8221; _builder_version=&#8221;4.16&#8243; _module_preset=&#8221;default&#8221; custom_button=&#8221;on&#8221; button_text_color=&#8221;#FDF8E1&#8243; button_bg_color=&#8221;#842E30&#8243; button_border_color=&#8221;#FFFFFF&#8221; button_font=&#8221;Philosopher||||||||&#8221; button_use_icon=&#8221;off&#8221; custom_margin=&#8221;50%||20%||false|false&#8221; global_colors_info=&#8221;{}&#8221; button_text_color__hover_enabled=&#8221;on|hover&#8221; button_text_color__hover=&#8221;#842E30&#8243; button_bg_color__hover_enabled=&#8221;on|hover&#8221; button_bg_color__hover=&#8221;#FDF8E1&#8243; button_bg_enable_color__hover=&#8221;on&#8221;][\/et_pb_button][\/et_pb_column][et_pb_column type=&#8221;1_2&#8243; module_id=&#8221;2&#8243; _builder_version=&#8221;4.16&#8243; _module_preset=&#8221;default&#8221; background_image=&#8221;https:\/\/serverbordoni.com\/nuria\/wp-content\/uploads\/2021\/03\/SL-112419-25350-16-Convertito2.jpg&#8221; background_size=&#8221;contain&#8221; custom_padding=&#8221;0px||0px||true|false&#8221; global_colors_info=&#8221;{}&#8221;][et_pb_button button_url=&#8221;#feldenkrais&#8221; button_text=&#8221;CORSI FELDENKRAIS&#8221; button_alignment=&#8221;center&#8221; module_class=&#8221;nh_pulsante closed&#8221; _builder_version=&#8221;4.16&#8243; _module_preset=&#8221;default&#8221; custom_button=&#8221;on&#8221; button_text_color=&#8221;#842E30&#8243; button_bg_color=&#8221;#FDF8E1&#8243; button_border_color=&#8221;#FFFFFF&#8221; button_font=&#8221;Philosopher||||||||&#8221; button_use_icon=&#8221;off&#8221; custom_margin=&#8221;20%||50%||false|false&#8221; global_colors_info=&#8221;{}&#8221; button_text_color__hover_enabled=&#8221;on|hover&#8221; button_text_color__hover=&#8221;#FDF8E1&#8243; button_bg_color__hover_enabled=&#8221;on|hover&#8221; button_bg_color__hover=&#8221;#842E30&#8243; button_bg_enable_color__hover=&#8221;on&#8221;][\/et_pb_button][\/et_pb_column][\/et_pb_row][\/et_pb_section][et_pb_section fb_built=&#8221;1&#8243; module_id=&#8221;nnv&#8221; _builder_version=&#8221;4.16&#8243; _module_preset=&#8221;default&#8221; background_color=&#8221;#FDF8E1&#8243; global_colors_info=&#8221;{}&#8221;][et_pb_row module_id=&#8221;bharatanatyam&#8221; _builder_version=&#8221;4.16&#8243; _module_preset=&#8221;default&#8221; width=&#8221;100%&#8221; max_width=&#8221;100%&#8221; custom_margin=&#8221;0px||35px||false|false&#8221; custom_padding=&#8221;0px||0px||true|false&#8221; collapsed=&#8221;off&#8221; global_colors_info=&#8221;{}&#8221;][et_pb_column type=&#8221;4_4&#8243; _builder_version=&#8221;4.16&#8243; _module_preset=&#8221;default&#8221; global_colors_info=&#8221;{}&#8221;][et_pb_gallery gallery_ids=&#8221;1584,1583,1582,2123&#8243; fullwidth=&#8221;on&#8221; _builder_version=&#8221;4.27.4&#8243; _module_preset=&#8221;default&#8221; title_text_color=&#8221;#ffd700&#8243; pagination_text_color=&#8221;#ffd700&#8243; auto=&#8221;on&#8221; auto_speed=&#8221;3000&#8243; hover_enabled=&#8221;0&#8243; custom_css_main_element=&#8221;color: #ffd700;&#8221; global_colors_info=&#8221;{}&#8221; sticky_enabled=&#8221;0&#8243;][\/et_pb_gallery][\/et_pb_column][\/et_pb_row][et_pb_row column_structure=&#8221;1_2,1_2&#8243; use_custom_gutter=&#8221;on&#8221; gutter_width=&#8221;1&#8243; make_equal=&#8221;on&#8221; _builder_version=&#8221;4.16&#8243; _module_preset=&#8221;default&#8221; background_color=&#8221;#FDF8E1&#8243; width=&#8221;100%&#8221; max_width=&#8221;90%&#8221; module_alignment=&#8221;center&#8221; collapsed=&#8221;off&#8221; global_colors_info=&#8221;{}&#8221;][et_pb_column type=&#8221;1_2&#8243; _builder_version=&#8221;4.16&#8243; _module_preset=&#8221;default&#8221; custom_padding=&#8221;|15px|||false|false&#8221; border_width_right=&#8221;1px&#8221; global_colors_info=&#8221;{}&#8221;][et_pb_text _builder_version=&#8221;4.16&#8243; _module_preset=&#8221;default&#8221; text_font=&#8221;|300|||||||&#8221; text_font_size=&#8221;16px&#8221; text_orientation=&#8221;justified&#8221; custom_padding=&#8221;25px|25px|25px||false|false&#8221; animation_style=&#8221;slide&#8221; animation_direction=&#8221;left&#8221; global_colors_info=&#8221;{}&#8221;]<\/p>\n<h2><strong>BHARATANATYAM <\/strong><\/h2>\n<p>&nbsp;<\/p>\n<p>Prevedono lo studio degli <span style=\"color: #842e30;\"><strong>ADAVU<\/strong><\/span> o base tecnica della danza.<br \/>La pratica dei <span style=\"color: #842e30;\"><strong>MUDRA<\/strong><\/span> gesti delle mani, vero e proprio vocabolario.<br \/>Elementi Teorici fondamentali per capire e contestualizzare lo studio di questo complesso e ricco <strong><em>teatro-danza<\/em><\/strong> del sud India.<br \/>Studio del <span style=\"color: #842e30;\"><strong>TALA<\/strong><\/span> pulsazione del tempo, <em><strong>strutture ritmiche<\/strong><\/em>.<br \/>L\u2019introduzione al <span style=\"color: #842e30;\"><strong>ABHINAYA,<\/strong><\/span> espressione delle <strong><em>emozioni o Rasa<\/em><\/strong>.<br \/>Recitazione dei <span style=\"color: #842e30;\"><strong>SOLLUKATTU<\/strong><\/span> linguaggio delle <strong><em>sillabe mnemoniche.<\/em><\/strong><\/p>\n<p><strong>Il Teatro-Danza &#8220;Bharatanatyam <\/strong>&#8221; \u00e8 uno dei gioielli della cultura Indiana. Momento di trasporto oltre i tempi, attraverso racconti danzati dove il ritmo, i gesti e la teatralit\u00e0 sono un universo vibrante in divenire.<br \/>Questa <strong><em>danza millenaria<\/em><\/strong> fonda le sue origini nella <em><strong>filosofia Samkhya<\/strong><\/em> e nei <em><strong>rituali dei Templi Hindu del sud dell&#8217;India<\/strong><\/em>, sviluppandosi attraverso i secoli in una raffinata disciplina.<br \/>Nella rappresentazione scenica indiana i <em><strong>testi poetici<\/strong><\/em> attingono al repertorio mitico che narra le <em><strong>gesta degli Dei<\/strong><\/em>. L\u2019intenzione del suo linguaggio simbolico \u00e8 d\u2019inoltrarsi nei diversi stati d\u2019animo facendo partecipe sia l\u2019interprete che lo spettatore.<br \/><em><strong>La geometria delle linee, la velocit\u00e0 e la ricchezza ritmica<\/strong><\/em> s\u2019intrecciano all\u2019elaborato <em><strong>linguaggio delle mani<\/strong><\/em> e alla raffinata <em><strong>mimica del volto<\/strong><\/em>. In questa cultura il dialogo tra danza, musica, canto e poesia ci rivela uno spazio-tempo dove i linguaggi dell\u2019arte continuano a vivere e a commuovere.<br \/>.<\/p>\n<p>[\/et_pb_text][\/et_pb_column][et_pb_column type=&#8221;1_2&#8243; _builder_version=&#8221;4.16&#8243; _module_preset=&#8221;default&#8221; custom_padding=&#8221;|||15px|false|false&#8221; global_colors_info=&#8221;{}&#8221;][et_pb_text _builder_version=&#8221;4.16&#8243; _module_preset=&#8221;default&#8221; text_font=&#8221;|300|||||||&#8221; text_font_size=&#8221;16px&#8221; text_orientation=&#8221;justified&#8221; custom_padding=&#8221;25px||25px|25px|true|false&#8221; animation_style=&#8221;slide&#8221; animation_direction=&#8221;right&#8221; global_colors_info=&#8221;{}&#8221;]<\/p>\n<h2 style=\"text-align: center;\"><strong>Lezioni di teatro-danza Bharatanatyam<\/strong><\/h2>\n<h4 style=\"text-align: center;\"><span style=\"color: #842e30;\"><strong><em>Giorni e orari<\/em><\/strong><\/span><\/h4>\n<p><strong><span style=\"color: #842e30;\">Mercoled\u00ec dalle 17h alle 18:30h<\/span> <span style=\"color: #000000;\"><em>Lezione di tecnica e coreografia in Zoom<\/em><\/span><\/strong><br \/><strong><span style=\"color: #842e30;\">Meeting ID: <\/span><span style=\"color: #000000;\">899 4033 9184<\/span><\/strong><br \/><strong><span style=\"color: #842e30;\">Passcode: <\/span><span style=\"color: #000000;\">012890<\/span><\/strong><\/p>\n<p><span style=\"color: #842e30;\"><strong>Gioved\u00ec dalle 19h alle 20h<\/strong><\/span> <span style=\"color: #000000;\"><strong><em>Lezioni d\u2019Abhinaya in Zoom<\/em><\/strong><\/span><br \/><span style=\"color: #842e30;\"><strong>ID riunione:<\/strong><\/span> <span style=\"color: #000000;\"><strong>829 9159 5525<\/strong><\/span><br \/><span style=\"color: #842e30;\"><strong>Passcode:<\/strong><\/span> <span style=\"color: #000000;\"><strong>041051<\/strong><\/span><\/p>\n<p><span style=\"color: #842e30;\"><strong>Venerd\u00ec dalle 11:30h alle 12:30h<\/strong><\/span> <span style=\"color: #000000;\"><em><strong>Lezione Adavu e Teoria in Zoom<\/strong><\/em><\/span><br \/><span style=\"color: #842e30;\"><strong>ID riunione:<\/strong><\/span> <span style=\"color: #000000;\"><strong>836 8684 6168<\/strong><\/span><br \/><span style=\"color: #842e30;\"><strong>Passcode:<\/strong> <\/span><span style=\"color: #000000;\"><strong>781801<\/strong><\/span><\/p>\n<p><strong><span style=\"color: #000000;\"><span style=\"color: #842e30;\">Sabato\u00a0 dalle 11h alle 12:30h\u00a0 <\/span><em>Seminari di Bharatanatyam<\/em><\/span><\/strong><br \/><span style=\"color: #842e30;\"><strong>Meeting ID:<\/strong><\/span> <span style=\"color: #000000;\"><strong>861 1180 7787<\/strong><\/span><br \/><span style=\"color: #842e30;\"><strong>Passcode:<\/strong><\/span> <span style=\"color: #000000;\"><strong>412268<\/strong><\/span><\/p>\n<p><span style=\"color: #842e30;\"><strong>Per Lezioni Individuali di Tecnica e Coreografia:<\/strong><\/span><br \/><span style=\"color: #842e30;\"><strong>Mail:<\/strong><\/span> <em><strong><span style=\"color: #000000;\">nuria.sala@fastwebnet.it<\/span><\/strong><\/em><br \/><strong><span style=\"color: #842e30;\">Mobile: <\/span><span style=\"color: #000000;\">+39-3283353803<\/span><\/strong><\/p>\n<p><strong><span style=\"color: #000000;\"><\/span><\/strong><\/p>\n<p><strong><span style=\"color: #000000;\"><\/span><\/strong><\/p>\n<p>[\/et_pb_text][et_pb_button button_url=&#8221;#1&#8243; button_text=&#8221;CORSI BHARATANATYAM&#8221; button_alignment=&#8221;center&#8221; module_class=&#8221;nh_tasto closed&#8221; _builder_version=&#8221;4.16&#8243; _module_preset=&#8221;default&#8221; custom_button=&#8221;on&#8221; button_text_color=&#8221;#FDF8E1&#8243; button_bg_color=&#8221;#842E30&#8243; button_border_color=&#8221;#FFFFFF&#8221; button_font=&#8221;Philosopher||||||||&#8221; button_use_icon=&#8221;off&#8221; custom_margin=&#8221;||||false|false&#8221; global_colors_info=&#8221;{}&#8221; button_text_color__hover_enabled=&#8221;on|hover&#8221; button_text_color__hover=&#8221;#842E30&#8243; button_bg_color__hover_enabled=&#8221;on|hover&#8221; button_bg_color__hover=&#8221;#FDF8E1&#8243; button_bg_enable_color__hover=&#8221;on&#8221;][\/et_pb_button][\/et_pb_column][\/et_pb_row][et_pb_row _builder_version=&#8221;4.16&#8243; _module_preset=&#8221;default&#8221; global_colors_info=&#8221;{}&#8221;][et_pb_column type=&#8221;4_4&#8243; _builder_version=&#8221;4.16&#8243; _module_preset=&#8221;default&#8221; global_colors_info=&#8221;{}&#8221;][et_pb_code _builder_version=&#8221;4.16&#8243; _module_preset=&#8221;default&#8221; global_colors_info=&#8221;{}&#8221;]<\/p>\n<style type=\"text\/css\"><!-- [et_pb_line_break_holder] -->.nh_tasto.closed:after {content:\"\\33\";}<!-- [et_pb_line_break_holder] -->.nh_tasto.opened:after{content:\"\\32\";}<!-- [et_pb_line_break_holder] --><\/style>\n<p><!-- [et_pb_line_break_holder] --><script type=\"text\/javascript\"><!-- [et_pb_line_break_holder] --> jQuery(document).ready(function() {<!-- [et_pb_line_break_holder] -->\/\/ Hide the div<!-- [et_pb_line_break_holder] -->jQuery('#nnv').hide();<!-- [et_pb_line_break_holder] -->jQuery('.nh_tasto').click(function(e){<!-- [et_pb_line_break_holder] -->e.preventDefault();jQuery(\"#nnv\").slideToggle()<!-- [et_pb_line_break_holder] -->jQuery('.nh_tasto').toggleClass('opened closed');jQuery('.nh_tasto').html(jQuery('.nh_tasto').html() == 'TORNA AI CORSI' ? 'CORSI BHARATANATYAM' : 'TORNA AI CORSI');<!-- [et_pb_line_break_holder] -->});<!-- [et_pb_line_break_holder] -->});<!-- [et_pb_line_break_holder] --><\/script>[\/et_pb_code][\/et_pb_column][\/et_pb_row][\/et_pb_section][et_pb_section fb_built=&#8221;1&#8243; module_id=&#8221;nnv&#8221; _builder_version=&#8221;4.16&#8243; _module_preset=&#8221;default&#8221; background_color=&#8221;#FDF8E1&#8243; custom_padding=&#8221;0px||||false|false&#8221; global_colors_info=&#8221;{}&#8221;][\/et_pb_section][et_pb_section fb_built=&#8221;1&#8243; module_id=&#8221;cnn&#8221; _builder_version=&#8221;4.16&#8243; _module_preset=&#8221;default&#8221; background_color=&#8221;#FDF8E1&#8243; custom_padding=&#8221;0px||||false|false&#8221; global_colors_info=&#8221;{}&#8221;][et_pb_row column_structure=&#8221;1_2,1_2&#8243; use_custom_gutter=&#8221;on&#8221; gutter_width=&#8221;1&#8243; make_equal=&#8221;on&#8221; module_id=&#8221;feldenkrais&#8221; _builder_version=&#8221;4.16&#8243; _module_preset=&#8221;default&#8221; background_color=&#8221;#FDF8E1&#8243; width=&#8221;100%&#8221; max_width=&#8221;90%&#8221; module_alignment=&#8221;center&#8221; global_colors_info=&#8221;{}&#8221;][et_pb_column type=&#8221;1_2&#8243; _builder_version=&#8221;4.16&#8243; _module_preset=&#8221;default&#8221; custom_padding=&#8221;|15px|||false|false&#8221; border_width_right=&#8221;1px&#8221; global_colors_info=&#8221;{}&#8221;][et_pb_text _builder_version=&#8221;4.16&#8243; _module_preset=&#8221;default&#8221; text_font=&#8221;|300|||||||&#8221; text_font_size=&#8221;16px&#8221; text_orientation=&#8221;justified&#8221; custom_padding=&#8221;25px|25px|25px||false|false&#8221; animation_style=&#8221;slide&#8221; animation_direction=&#8221;left&#8221; global_colors_info=&#8221;{}&#8221;]<\/p>\n<h2><strong>\u00a0Metodo FELDENKRAIS<\/strong><\/h2>\n<p><strong>Pensiero-Sensazione-Sentimento-Azione<\/strong><\/p>\n<p><em>&#8220;Lo Scopo del Metodo Feldenkrais \u00e8 un <span style=\"color: #842e30;\"><strong>CORPO ORGANIZZATO<\/strong><\/span> che si muove con il minimo sforzo e massima efficienza. Nulla nei nostri schemi di comportamento \u00e8 immutabile, se non il credere che lo siano\u201d. (Moshe Feldenkrais).<\/em><\/p>\n<p>Il Metodo Feldenkrais \u00e8 uno straordinario <em><strong>sistema globale di educazione somatica<\/strong><\/em> che usa il movimento <em><strong>per sviluppare una piena consapevolezza di s\u00e9<\/strong> <\/em>e migliorare la propria auto-immagine.<\/p>\n<p>Ogni lezione o C.A.M \u00e8 un&#8217;opportunit\u00e0 per rallentare e ripulire le tensioni inutili. Il metodo si basa sulla <em><strong>esplorazione di sequenze inusua<\/strong><strong>li e originali di movimento<\/strong><\/em>, fatte per lo pi\u00f9 distese al pavimento. Queste sono progettate per mettere in luce nuove possibilit\u00e0 d\u2019apprendere, cercando d\u2019affinare l\u2019attenzione e portare la presenza ad ogni gesto. L\u2019enfasi non \u00e8 sul fare i movimenti giusti o sbagliati, ma \u00e8 una esplorazione \u00e8 un processo che offre una ampia gamma di opzioni di movimento al nostro <em><strong>sistema nervoso.<\/strong><\/em> L\u2019insegnante guida verbalmente i movimenti, invitando a esplorare con curiosit\u00e0 e creativit\u00e0 la progressione di piccoli gesti verso le complesse azioni quotidiane come, girarsi, piegarsi, voltarsi, alzarsi, camminare\u2026 <em><strong>Adatto a tutti, senza limite di et\u00e0.<\/strong><\/em><\/p>\n<p>[\/et_pb_text][\/et_pb_column][et_pb_column type=&#8221;1_2&#8243; _builder_version=&#8221;4.16&#8243; _module_preset=&#8221;default&#8221; custom_padding=&#8221;|||15px|false|false&#8221; global_colors_info=&#8221;{}&#8221;][et_pb_text _builder_version=&#8221;4.16&#8243; _module_preset=&#8221;default&#8221; text_font=&#8221;|300|||||||&#8221; text_font_size=&#8221;16px&#8221; text_orientation=&#8221;justified&#8221; custom_padding=&#8221;25px||25px|25px|true|false&#8221; animation_style=&#8221;slide&#8221; animation_direction=&#8221;right&#8221; global_colors_info=&#8221;{}&#8221;]<\/p>\n<h2 style=\"text-align: center;\"><strong>Lezione di Feldenkrais<\/strong><\/h2>\n<h4 style=\"text-align: center;\"><span style=\"color: #842e30;\"><strong><em>Giorni e orari<\/em><\/strong><\/span><\/h4>\n<p><span style=\"color: #842e30;\"><strong>Luned\u00ec dalle 18:30h alle 19:30<\/strong><\/span> <span style=\"color: #000000;\"><em><strong>in<\/strong><\/em><\/span> <span style=\"color: #000000;\"><em><strong>Zoom<\/strong><\/em><\/span><br \/><span style=\"color: #842e30;\"><strong>Meeting ID:<\/strong><\/span> <span style=\"color: #000000;\"><strong>872 2288 3719<\/strong><\/span><br \/><span style=\"color: #842e30;\"><strong>Passcode:<\/strong><\/span> <span style=\"color: #000000;\"><strong>777768<\/strong><\/span><\/p>\n<p><span style=\"color: #842e30;\"><strong>Marted\u00ec dalle 19h alle 20h<\/strong><\/span> <span style=\"color: #000000;\"><em><strong>in<\/strong><\/em><\/span> <em><span style=\"color: #000000;\"><strong>Zoom<\/strong><\/span><\/em><br \/><span style=\"color: #842e30;\"><strong>Meeting ID:<\/strong><\/span> <span style=\"color: #000000;\"><strong>846 7504 8095<\/strong><\/span><br \/><span style=\"color: #842e30;\"><strong>Passcode:<\/strong><\/span> <span style=\"color: #000000;\"><strong>538585<\/strong><\/span><\/p>\n<p><strong><span style=\"color: #842e30;\">Mercoled\u00ec mattina dalle 11h alle 12h<\/span><\/strong> <span style=\"color: #000000;\"><em><strong>in<\/strong><\/em><\/span> <span style=\"color: #000000;\"><strong><em>Zoom<\/em><\/strong><\/span><br \/><span style=\"color: #842e30;\"><strong>ID riunione:<\/strong><\/span> <span style=\"color: #000000;\"><strong>835 4102 5461<\/strong><\/span><br \/><span style=\"color: #842e30;\"><strong>Passcode:<\/strong> <\/span><span style=\"color: #000000;\"><strong>917876<\/strong><\/span><\/p>\n<p><strong><span style=\"color: #842e30;\">Per Informazioni:<\/span><\/strong><br \/><span style=\"color: #842e30;\"><strong>Mail:<\/strong><\/span><span>\u00a0<\/span><span style=\"color: #000000;\"><strong><em>nuria.sala@fastwebnet.it<\/em><\/strong><\/span><br \/><strong><span><span style=\"color: #842e30;\">Mobile:<\/span>\u00a0<\/span><span style=\"color: #000000;\">+39-3283353803<\/span><\/strong><span style=\"color: #000000;\"><strong><\/strong><\/span><\/p>\n<p><span style=\"color: #000000;\"><strong><\/strong><\/span><\/p>\n<p>[\/et_pb_text][et_pb_button button_url=&#8221;#2&#8243; button_text=&#8221;CORSI FELDENKRAIS&#8221; button_alignment=&#8221;center&#8221; module_class=&#8221;nh_pulsante closed&#8221; _builder_version=&#8221;4.16&#8243; _module_preset=&#8221;default&#8221; custom_button=&#8221;on&#8221; button_text_color=&#8221;#FDF8E1&#8243; button_bg_color=&#8221;#842E30&#8243; button_border_color=&#8221;#FFFFFF&#8221; button_font=&#8221;Philosopher||||||||&#8221; button_use_icon=&#8221;off&#8221; custom_margin=&#8221;||||false|false&#8221; global_colors_info=&#8221;{}&#8221; button_text_color__hover_enabled=&#8221;on|hover&#8221; button_text_color__hover=&#8221;#842E30&#8243; button_bg_color__hover_enabled=&#8221;on|hover&#8221; button_bg_color__hover=&#8221;#FFFFFF&#8221; button_bg_enable_color__hover=&#8221;on&#8221;][\/et_pb_button][\/et_pb_column][\/et_pb_row][et_pb_row _builder_version=&#8221;4.16&#8243; _module_preset=&#8221;default&#8221; global_colors_info=&#8221;{}&#8221;][et_pb_column type=&#8221;4_4&#8243; _builder_version=&#8221;4.16&#8243; _module_preset=&#8221;default&#8221; global_colors_info=&#8221;{}&#8221;][et_pb_code _builder_version=&#8221;4.16&#8243; _module_preset=&#8221;default&#8221; global_colors_info=&#8221;{}&#8221;]<\/p>\n<style type=\"text\/css\"><!-- [et_pb_line_break_holder] -->.nh_pulsante.closed:after {content:\"\\33\";}<!-- [et_pb_line_break_holder] -->.nh_pulsante.opened:after{content:\"\\32\";}<!-- [et_pb_line_break_holder] --><\/style>\n<p><!-- [et_pb_line_break_holder] --><script type=\"text\/javascript\"><!-- [et_pb_line_break_holder] --> jQuery(document).ready(function() {<!-- [et_pb_line_break_holder] -->\/\/ Hide the div<!-- [et_pb_line_break_holder] -->jQuery('#cnn').hide();<!-- [et_pb_line_break_holder] -->jQuery('.nh_pulsante').click(function(e){<!-- [et_pb_line_break_holder] -->e.preventDefault();jQuery(\"#cnn\").slideToggle()<!-- [et_pb_line_break_holder] -->jQuery('.nh_pulsante').toggleClass('opened closed');jQuery('.nh_pulsante').html(jQuery('.nh_pulsante').html() == 'TORNA AI CORSI' ? 'CORSI FELDENKRAIS' : 'TORNA AI CORSI');<!-- [et_pb_line_break_holder] -->});<!-- [et_pb_line_break_holder] -->});<!-- [et_pb_line_break_holder] --><\/script>[\/et_pb_code][\/et_pb_column][\/et_pb_row][\/et_pb_section]<\/p>\n","protected":false},"excerpt":{"rendered":"<p>BHARATANATYAM &nbsp; Prevedono lo studio degli ADAVU o base tecnica della danza.La pratica dei MUDRA gesti delle mani, vero e proprio vocabolario.Elementi Teorici fondamentali per capire e contestualizzare lo studio di questo complesso e ricco teatro-danza del sud India.Studio del TALA pulsazione del tempo, strutture ritmiche.L\u2019introduzione al ABHINAYA, espressione delle emozioni o Rasa.Recitazione dei SOLLUKATTU [&hellip;]<\/p>\n","protected":false},"author":1,"featured_media":0,"parent":0,"menu_order":0,"comment_status":"closed","ping_status":"closed","template":"","meta":{"_et_pb_use_builder":"on","_et_pb_old_content":"","_et_gb_content_width":"","footnotes":""},"class_list":["post-1152","page","type-page","status-publish","hentry"],"_links":{"self":[{"href":"https:\/\/serverbordoni.com\/nuria\/wp-json\/wp\/v2\/pages\/1152","targetHints":{"allow":["GET"]}}],"collection":[{"href":"https:\/\/serverbordoni.com\/nuria\/wp-json\/wp\/v2\/pages"}],"about":[{"href":"https:\/\/serverbordoni.com\/nuria\/wp-json\/wp\/v2\/types\/page"}],"author":[{"embeddable":true,"href":"https:\/\/serverbordoni.com\/nuria\/wp-json\/wp\/v2\/users\/1"}],"replies":[{"embeddable":true,"href":"https:\/\/serverbordoni.com\/nuria\/wp-json\/wp\/v2\/comments?post=1152"}],"version-history":[{"count":21,"href":"https:\/\/serverbordoni.com\/nuria\/wp-json\/wp\/v2\/pages\/1152\/revisions"}],"predecessor-version":[{"id":2124,"href":"https:\/\/serverbordoni.com\/nuria\/wp-json\/wp\/v2\/pages\/1152\/revisions\/2124"}],"wp:attachment":[{"href":"https:\/\/serverbordoni.com\/nuria\/wp-json\/wp\/v2\/media?parent=1152"}],"curies":[{"name":"wp","href":"https:\/\/api.w.org\/{rel}","templated":true}]}}